{"id":14076,"date":"2022-09-14T17:36:54","date_gmt":"2022-09-14T16:36:54","guid":{"rendered":"https:\/\/www.analisiseinvestigacion.com\/aei-study-covid-19-first-psychosocial-impact-of-the-state-of-alarm\/"},"modified":"2022-09-14T17:39:42","modified_gmt":"2022-09-14T16:39:42","slug":"aei-study-covid-19-first-psychosocial-impact-of-the-state-of-alarm","status":"publish","type":"page","link":"https:\/\/www.analisiseinvestigacion.com\/en\/aei-study-covid-19-first-psychosocial-impact-of-the-state-of-alarm\/","title":{"rendered":"COVID-19"},"content":{"rendered":"<div class=\"wpb-content-wrapper\"><p>[vc_row lg_spacing=&#8221;padding_top:160;padding_bottom:40&#8243; sm_spacing=&#8221;padding_top:120;padding_bottom:20&#8243;][vc_column][vc_column_text]<\/p>\n<h5><span style=\"color: #ffffff; line-height: 1.5em;\">Informed by the COVID-19 situation and the decision of the Government of Spain to declare the state of alarm and confine the population, An\u00e1lisis e Investigaci\u00f3n has developed a qualitative research device to diagnose in depth the effects of the epidemic in the population. We pursue three fundamental objectives:<\/span><\/h5>\n<ul>\n<li style=\"color: transparent;\">\n<h5><span style=\"color: #ffffff; line-height: 2em;\">1. To know the psycho-emotional impact on the population.<\/span><\/h5>\n<\/li>\n<li style=\"color: transparent;\">\n<h5><span style=\"color: #ffffff; line-height: 2em;\">2. To deepen understanding of population opinion about brands and institutions.<\/span><\/h5>\n<\/li>\n<li style=\"color: transparent;\">\n<h5><span style=\"color: #ffffff; line-height: 2em;\">3. To diagnose the perception of the future from the current perspective.<\/span><\/h5>\n<\/li>\n<\/ul>\n<h5><span style=\"color: #ffffff; line-height: 1.5em;\">We believe that this qualitative approach provides a differential and enriching perspective that will hopefully help deepen understanding of this unexplored social context.<\/span><\/h5>\n<p>[\/vc_column_text][vc_row_inner content_alignment=&#8221;center&#8221; lg_spacing=&#8221;padding_top:60;padding_bottom:40&#8243; sm_spacing=&#8221;padding_top:30;padding_bottom:20&#8243;][vc_column_inner content_alignment=&#8221;center&#8221;][vc_raw_html]JTNDaDQlMjBzdHlsZSUzRCUyMnRleHQtYWxpZ24lM0FjZW50ZXIlM0IlMjIlM0UlM0NhJTIwdGFyZ2V0JTNEJTIyX2JrYW5rJTIyJTIwc3R5bGUlM0QlMjJjb2xvciUzQXdoaXRlJTNCdGV4dC1kZWNvcmF0aW9uJTNBdW5kZXJsaW5lJTNCJTIyJTIwaHJlZiUzRCUyMmh0dHBzJTNBJTJGJTJGZHJpdmUuZ29vZ2xlLmNvbSUyRm9wZW4lM0ZpZCUzRDFRU3FnRUhicFNkeUxYSWcwM1FXVVU4Q0Q1Zy1CMkdGMCUyMiUzRURvd25sb2FkJTNDJTJGYSUzRSUzQyUyRmg1JTNF[\/vc_raw_html][\/vc_column_inner][\/vc_row_inner][vc_row_inner lg_spacing=&#8221;padding_top:40;padding_bottom:80&#8243; sm_spacing=&#8221;padding_top:20;padding_bottom:40&#8243;][vc_column_inner][tm_image align=&#8221;center&#8221; image=&#8221;4615&#8243;][\/vc_column_inner][\/vc_row_inner][\/vc_column][\/vc_row]<\/p>\n<\/div>","protected":false},"excerpt":{"rendered":"<p>[vc_row lg_spacing=&#8221;padding_top:160;padding_bottom:40&#8243; sm_spacing=&#8221;padding_top:120;padding_bottom:20&#8243;][vc_column][vc_column_text] Informed by the COVID-19 situation and the decision of the Government of Spain to declare the state of alarm and confine the population, An\u00e1lisis e Investigaci\u00f3n has developed a qualitative research device to diagnose in depth the effects of the epidemic in the population. We pursue three fundamental objectives: 1. To know the psycho-emotional impact on the population. 2. To deepen understanding of population opinion about brands and institutions. 3. To diagnose the perception of the future from the current perspective. We believe that this qualitative approach provides a differential and enriching perspective that will hopefully help deepen understanding of this unexplored social context. [\/vc_column_text][vc_row_inner content_alignment=&#8221;center&#8221; lg_spacing=&#8221;padding_top:60;padding_bottom:40&#8243; sm_spacing=&#8221;padding_top:30;padding_bottom:20&#8243;][vc_column_inner content_alignment=&#8221;center&#8221;][vc_raw_html]JTNDaDQlMjBzdHlsZSUzRCUyMnRleHQtYWxpZ24lM0FjZW50ZXIlM0IlMjIlM0UlM0NhJTIwdGFyZ2V0JTNEJTIyX2JrYW5rJTIyJTIwc3R5bGUlM0QlMjJjb2xvciUzQXdoaXRlJTNCdGV4dC1kZWNvcmF0aW9uJTNBdW5kZXJsaW5lJTNCJTIyJTIwaHJlZiUzRCUyMmh0dHBzJTNBJTJGJTJGZHJpdmUuZ29vZ2xlLmNvbSUyRm9wZW4lM0ZpZCUzRDFRU3FnRUhicFNkeUxYSWcwM1FXVVU4Q0Q1Zy1CMkdGMCUyMiUzRURvd25sb2FkJTNDJTJGYSUzRSUzQyUyRmg1JTNF[\/vc_raw_html][\/vc_column_inner][\/vc_row_inner][vc_row_inner lg_spacing=&#8221;padding_top:40;padding_bottom:80&#8243; sm_spacing=&#8221;padding_top:20;padding_bottom:40&#8243;][vc_column_inner][tm_image align=&#8221;center&#8221; image=&#8221;4615&#8243;][\/vc_column_inner][\/vc_row_inner][\/vc_column][\/vc_row]<\/p>\n","protected":false},"author":1,"featured_media":14017,"parent":0,"menu_order":0,"comment_status":"closed","ping_status":"closed","template":"","meta":{"footnotes":""},"yoast_head":"<!-- This site is optimized with the Yoast SEO plugin v21.3 - https:\/\/yoast.com\/wordpress\/plugins\/seo\/ -->\n<title>COVID-19 - Grupo An\u00e1lisis e Investigaci\u00f3n<\/title>\n<meta name=\"description\" content=\"Informed by the COVID-19 situation and the decision of the Government of Spain to declare the state of alarm and confine the population, An\u00e1lisis e Investigaci\u00f3n has developed a qualitative research device to diagnose in depth the effects of the epidemic in the population. We pursue three fundamental objectives.\" \/>\n<meta name=\"robots\" content=\"index, follow, max-snippet:-1, max-image-preview:large, max-video-preview:-1\" \/>\n<link rel=\"canonical\" href=\"https:\/\/www.analisiseinvestigacion.com\/en\/aei-study-covid-19-first-psychosocial-impact-of-the-state-of-alarm\/\" \/>\n<meta property=\"og:locale\" content=\"en_US\" \/>\n<meta property=\"og:type\" content=\"article\" \/>\n<meta property=\"og:title\" content=\"COVID-19 - Grupo An\u00e1lisis e Investigaci\u00f3n\" \/>\n<meta property=\"og:description\" content=\"Informed by the COVID-19 situation and the decision of the Government of Spain to declare the state of alarm and confine the population, An\u00e1lisis e Investigaci\u00f3n has developed a qualitative research device to diagnose in depth the effects of the epidemic in the population. We pursue three fundamental objectives.\" \/>\n<meta property=\"og:url\" content=\"https:\/\/www.analisiseinvestigacion.com\/en\/aei-study-covid-19-first-psychosocial-impact-of-the-state-of-alarm\/\" \/>\n<meta property=\"og:site_name\" content=\"Grupo An\u00e1lisis e Investigaci\u00f3n\" \/>\n<meta property=\"article:modified_time\" content=\"2022-09-14T16:39:42+00:00\" \/>\n<meta property=\"og:image\" content=\"https:\/\/www.analisiseinvestigacion.com\/wp-content\/uploads\/2020\/04\/Infograf\u00eda.png\" \/>\n\t<meta property=\"og:image:width\" content=\"926\" \/>\n\t<meta property=\"og:image:height\" content=\"900\" \/>\n\t<meta property=\"og:image:type\" content=\"image\/png\" \/>\n<meta name=\"twitter:card\" content=\"summary_large_image\" \/>\n<meta name=\"twitter:label1\" content=\"Est. reading time\" \/>\n\t<meta name=\"twitter:data1\" content=\"1 minute\" \/>\n<script type=\"application\/ld+json\" class=\"yoast-schema-graph\">{\"@context\":\"https:\/\/schema.org\",\"@graph\":[{\"@type\":\"WebPage\",\"@id\":\"https:\/\/www.analisiseinvestigacion.com\/en\/aei-study-covid-19-first-psychosocial-impact-of-the-state-of-alarm\/\",\"url\":\"https:\/\/www.analisiseinvestigacion.com\/en\/aei-study-covid-19-first-psychosocial-impact-of-the-state-of-alarm\/\",\"name\":\"COVID-19 - Grupo An\u00e1lisis e Investigaci\u00f3n\",\"isPartOf\":{\"@id\":\"https:\/\/www.analisiseinvestigacion.com\/#website\"},\"datePublished\":\"2022-09-14T16:36:54+00:00\",\"dateModified\":\"2022-09-14T16:39:42+00:00\",\"description\":\"Informed by the COVID-19 situation and the decision of the Government of Spain to declare the state of alarm and confine the population, An\u00e1lisis e Investigaci\u00f3n has developed a qualitative research device to diagnose in depth the effects of the epidemic in the population. We pursue three fundamental objectives.\",\"breadcrumb\":{\"@id\":\"https:\/\/www.analisiseinvestigacion.com\/en\/aei-study-covid-19-first-psychosocial-impact-of-the-state-of-alarm\/#breadcrumb\"},\"inLanguage\":\"en-US\",\"potentialAction\":[{\"@type\":\"ReadAction\",\"target\":[\"https:\/\/www.analisiseinvestigacion.com\/en\/aei-study-covid-19-first-psychosocial-impact-of-the-state-of-alarm\/\"]}]},{\"@type\":\"BreadcrumbList\",\"@id\":\"https:\/\/www.analisiseinvestigacion.com\/en\/aei-study-covid-19-first-psychosocial-impact-of-the-state-of-alarm\/#breadcrumb\",\"itemListElement\":[{\"@type\":\"ListItem\",\"position\":1,\"name\":\"Portada\",\"item\":\"https:\/\/www.analisiseinvestigacion.com\/en\/\"},{\"@type\":\"ListItem\",\"position\":2,\"name\":\"COVID-19\"}]},{\"@type\":\"WebSite\",\"@id\":\"https:\/\/www.analisiseinvestigacion.com\/#website\",\"url\":\"https:\/\/www.analisiseinvestigacion.com\/\",\"name\":\"Grupo An\u00e1lisis e Investigaci\u00f3n\",\"description\":\"Estudios de mercado, marketing y opini\u00f3n\",\"potentialAction\":[{\"@type\":\"SearchAction\",\"target\":{\"@type\":\"EntryPoint\",\"urlTemplate\":\"https:\/\/www.analisiseinvestigacion.com\/?s={search_term_string}\"},\"query-input\":\"required name=search_term_string\"}],\"inLanguage\":\"en-US\"}]}<\/script>\n<!-- \/ Yoast SEO plugin. -->","yoast_head_json":{"title":"COVID-19 - Grupo An\u00e1lisis e Investigaci\u00f3n","description":"Informed by the COVID-19 situation and the decision of the Government of Spain to declare the state of alarm and confine the population, An\u00e1lisis e Investigaci\u00f3n has developed a qualitative research device to diagnose in depth the effects of the epidemic in the population. We pursue three fundamental objectives.","robots":{"index":"index","follow":"follow","max-snippet":"max-snippet:-1","max-image-preview":"max-image-preview:large","max-video-preview":"max-video-preview:-1"},"canonical":"https:\/\/www.analisiseinvestigacion.com\/en\/aei-study-covid-19-first-psychosocial-impact-of-the-state-of-alarm\/","og_locale":"en_US","og_type":"article","og_title":"COVID-19 - Grupo An\u00e1lisis e Investigaci\u00f3n","og_description":"Informed by the COVID-19 situation and the decision of the Government of Spain to declare the state of alarm and confine the population, An\u00e1lisis e Investigaci\u00f3n has developed a qualitative research device to diagnose in depth the effects of the epidemic in the population. We pursue three fundamental objectives.","og_url":"https:\/\/www.analisiseinvestigacion.com\/en\/aei-study-covid-19-first-psychosocial-impact-of-the-state-of-alarm\/","og_site_name":"Grupo An\u00e1lisis e Investigaci\u00f3n","article_modified_time":"2022-09-14T16:39:42+00:00","og_image":[{"width":926,"height":900,"url":"https:\/\/www.analisiseinvestigacion.com\/wp-content\/uploads\/2020\/04\/Infograf\u00eda.png","type":"image\/png"}],"twitter_card":"summary_large_image","twitter_misc":{"Est. reading time":"1 minute"},"schema":{"@context":"https:\/\/schema.org","@graph":[{"@type":"WebPage","@id":"https:\/\/www.analisiseinvestigacion.com\/en\/aei-study-covid-19-first-psychosocial-impact-of-the-state-of-alarm\/","url":"https:\/\/www.analisiseinvestigacion.com\/en\/aei-study-covid-19-first-psychosocial-impact-of-the-state-of-alarm\/","name":"COVID-19 - Grupo An\u00e1lisis e Investigaci\u00f3n","isPartOf":{"@id":"https:\/\/www.analisiseinvestigacion.com\/#website"},"datePublished":"2022-09-14T16:36:54+00:00","dateModified":"2022-09-14T16:39:42+00:00","description":"Informed by the COVID-19 situation and the decision of the Government of Spain to declare the state of alarm and confine the population, An\u00e1lisis e Investigaci\u00f3n has developed a qualitative research device to diagnose in depth the effects of the epidemic in the population. We pursue three fundamental objectives.","breadcrumb":{"@id":"https:\/\/www.analisiseinvestigacion.com\/en\/aei-study-covid-19-first-psychosocial-impact-of-the-state-of-alarm\/#breadcrumb"},"inLanguage":"en-US","potentialAction":[{"@type":"ReadAction","target":["https:\/\/www.analisiseinvestigacion.com\/en\/aei-study-covid-19-first-psychosocial-impact-of-the-state-of-alarm\/"]}]},{"@type":"BreadcrumbList","@id":"https:\/\/www.analisiseinvestigacion.com\/en\/aei-study-covid-19-first-psychosocial-impact-of-the-state-of-alarm\/#breadcrumb","itemListElement":[{"@type":"ListItem","position":1,"name":"Portada","item":"https:\/\/www.analisiseinvestigacion.com\/en\/"},{"@type":"ListItem","position":2,"name":"COVID-19"}]},{"@type":"WebSite","@id":"https:\/\/www.analisiseinvestigacion.com\/#website","url":"https:\/\/www.analisiseinvestigacion.com\/","name":"Grupo An\u00e1lisis e Investigaci\u00f3n","description":"Estudios de mercado, marketing y opini\u00f3n","potentialAction":[{"@type":"SearchAction","target":{"@type":"EntryPoint","urlTemplate":"https:\/\/www.analisiseinvestigacion.com\/?s={search_term_string}"},"query-input":"required name=search_term_string"}],"inLanguage":"en-US"}]}},"_links":{"self":[{"href":"https:\/\/www.analisiseinvestigacion.com\/en\/wp-json\/wp\/v2\/pages\/14076"}],"collection":[{"href":"https:\/\/www.analisiseinvestigacion.com\/en\/wp-json\/wp\/v2\/pages"}],"about":[{"href":"https:\/\/www.analisiseinvestigacion.com\/en\/wp-json\/wp\/v2\/types\/page"}],"author":[{"embeddable":true,"href":"https:\/\/www.analisiseinvestigacion.com\/en\/wp-json\/wp\/v2\/users\/1"}],"replies":[{"embeddable":true,"href":"https:\/\/www.analisiseinvestigacion.com\/en\/wp-json\/wp\/v2\/comments?post=14076"}],"version-history":[{"count":3,"href":"https:\/\/www.analisiseinvestigacion.com\/en\/wp-json\/wp\/v2\/pages\/14076\/revisions"}],"predecessor-version":[{"id":14080,"href":"https:\/\/www.analisiseinvestigacion.com\/en\/wp-json\/wp\/v2\/pages\/14076\/revisions\/14080"}],"wp:featuredmedia":[{"embeddable":true,"href":"https:\/\/www.analisiseinvestigacion.com\/en\/wp-json\/wp\/v2\/media\/14017"}],"wp:attachment":[{"href":"https:\/\/www.analisiseinvestigacion.com\/en\/wp-json\/wp\/v2\/media?parent=14076"}],"curies":[{"name":"wp","href":"https:\/\/api.w.org\/{rel}","templated":true}]}}